{"id":6551,"date":"2022-10-11T19:09:59","date_gmt":"2022-10-11T17:09:59","guid":{"rendered":"http:\/\/nowa.avalonenglish.com\/?page_id=6551"},"modified":"2022-10-11T19:11:53","modified_gmt":"2022-10-11T17:11:53","slug":"direct-method-for-english","status":"publish","type":"page","link":"http:\/\/nowa.avalonenglish.com\/index.php\/direct-method-for-english\/","title":{"rendered":"Direct Method for English"},"content":{"rendered":"<style type=\"text\/css\"><\/style>\n<p>Proponujemy Pa\u0144stwu kurs j\u0119zyka angielskiego prowadzony jedn\u0105 z najnowszych metod nauczania w\/w j\u0119zyka. Direct Method for English jest to metoda bezpo\u015brednia stworzona przez grup\u0119 ekspert\u00f3w i metodyk\u00f3w, kt\u00f3rej g\u0142\u00f3wnym elementem jest interakcja pomi\u0119dzy s\u0142uchaczami a lektorem. Ka\u017cde zaj\u0119cia sk\u0142adaj\u0105 si\u0119 z dw\u00f3ch cz\u0119\u015bci-<\/p>\n\n\n\n<p><strong>I cz\u0119\u015b\u0107 \u2013 rekapitulacja wt\u00f3rna- czyli powt\u00f3rka materia\u0142u z kilku ostatnich zaj\u0119\u0107<br><br>II cz\u0119\u015b\u0107 \u2013 wprowadzenie nowego materia\u0142u.<\/strong><\/p>\n\n\n\n<p>Prawie ca\u0142a lekcja to praca ustna z lektorem, polegaj\u0105ca na tym, i\u017c lektor uczy nowego s\u0142ownictwa lub zagadnienia gramatycznego, a nast\u0119pnie zadaje pytania z u\u017cyciem tych s\u0142\u00f3w i gramatyki w celu prze\u0107wiczenia nowego materia\u0142u w praktyce i w kontek\u015bcie. Nauczyciel zadaje ka\u017cde pytanie szybko, ale dwa razy, tak aby umo\u017cliwi\u0107 s\u0142uchaczowi dok\u0142adne zrozumienie pytania i stworzenie szybkiej, adekwatnej odpowiedzi, zachowuj\u0105c przy tym szybko\u015b\u0107 wypowiedzi prawowitych nosicieli j\u0119zyka angielskiego. Dzi\u0119ki takiemu systemowi pracy wytwarza si\u0119 nawyk prowadzenia rozmowy w j\u0119zyku obcym bez konieczno\u015bci wymy\u015blania odpowiedzi w j\u0119zyku polskim i t\u0142umaczenia jej na j\u0119zyk angielski. Praca ustna jest przerywana czytaniami i dyktandami, w celu udoskonalania umiej\u0119tno\u015bci poprawnej wymowy, akcentuacji a tak\u017ce zapisu s\u0142ownictwa ze szczeg\u00f3lnym uwzgl\u0119dnieniem zasad ortografii i interpunkcji.<br>Dodatkowymi walorami metody s\u0105:<br>&#8211; kszta\u0142cenie umiej\u0119tno\u015bci tworzenia w\u0142asnych, swobodnych wypowiedzi,<br>&#8211; ciekawa i zaktualizowana tematyka zadawanych pyta\u0144,<br>&#8211; przejrzysty uk\u0142ad podr\u0119cznika zawieraj\u0105cego \u0107wiczenia gramatyczne dopasowane do wprowadzanych zagadnie\u0144 leksykalnych,<br>&#8211; materia\u0142 uwzgl\u0119dniaj\u0105cy transkrypcj\u0119 fonetyczn\u0105.<br>Tajemnic\u0105 sukcesu nauczania metod\u0105 Direct Method for English s\u0105 tak\u017ce regularne powt\u00f3rki materia\u0142u maj\u0105ce na celu utrwalenie nowo wprowadzonego materia\u0142u na sta\u0142e, tak by wiedza s\u0142uchaczy by\u0142a pe\u0142na, a nie jak w przypadku innych metod nauczania wymaga\u0142a wielokrotnych powrot\u00f3w do opracowanych ju\u017c wcze\u015bniej zagadnie\u0144.<br>Program pracy wed\u0142ug metody Direct Method for English przewiduje prac\u0119 w grupach szkoleniowych jak i ze s\u0142uchaczami indywidualnymi.<br>Pragniemy tak\u017ce nadmieni\u0107, i\u017c nauka w systemie metody Direct Method for English prowadzona jest wed\u0142ug 6 podr\u0119cznik\u00f3w. Po zako\u0144czeniu konkretnej ilo\u015bci godzin nauki proponujemy Pa\u0144stwu przygotowanie do mi\u0119dzynarodowych certyfikat\u00f3w j\u0119zykowych np. KET, PET, FCE, BEC, TOEIC.<\/p>\n\n\n","protected":false},"excerpt":{"rendered":"<p>Proponujemy Pa\u0144stwu kurs j\u0119zyka angielskiego prowadzony jedn\u0105 z najnowszych metod nauczania w\/w j\u0119zyka. Direct Method for English jest to metoda&#8230;<\/p>\n","protected":false},"author":1,"featured_media":0,"parent":0,"menu_order":0,"comment_status":"closed","ping_status":"closed","template":"","meta":{"footnotes":""},"class_list":["post-6551","page","type-page","status-publish","hentry"],"yoast_head":"<!-- This site is optimized with the Yoast SEO plugin v19.10 - https:\/\/yoast.com\/wordpress\/plugins\/seo\/ -->\n<title>Direct Method for English - AVALON ENGLISH SCHOOL<\/title>\n<meta name=\"robots\" content=\"index, follow, max-snippet:-1, max-image-preview:large, max-video-preview:-1\" \/>\n<link rel=\"canonical\" href=\"http:\/\/nowa.avalonenglish.com\/index.php\/direct-method-for-english\/\" \/>\n<meta property=\"og:locale\" content=\"pl_PL\" \/>\n<meta property=\"og:type\" content=\"article\" \/>\n<meta property=\"og:title\" content=\"Direct Method for English - AVALON ENGLISH SCHOOL\" \/>\n<meta property=\"og:description\" content=\"Proponujemy Pa\u0144stwu kurs j\u0119zyka angielskiego prowadzony jedn\u0105 z najnowszych metod nauczania w\/w j\u0119zyka. Direct Method for English jest to metoda...\" \/>\n<meta property=\"og:url\" content=\"http:\/\/nowa.avalonenglish.com\/index.php\/direct-method-for-english\/\" \/>\n<meta property=\"og:site_name\" content=\"AVALON ENGLISH SCHOOL\" \/>\n<meta property=\"article:modified_time\" content=\"2022-10-11T17:11:53+00:00\" \/>\n<meta name=\"twitter:card\" content=\"summary_large_image\" \/>\n<meta name=\"twitter:label1\" content=\"Szacowany czas czytania\" \/>\n\t<meta name=\"twitter:data1\" content=\"2 minuty\" \/>\n<script type=\"application\/ld+json\" class=\"yoast-schema-graph\">{\"@context\":\"https:\/\/schema.org\",\"@graph\":[{\"@type\":\"WebPage\",\"@id\":\"http:\/\/nowa.avalonenglish.com\/index.php\/direct-method-for-english\/\",\"url\":\"http:\/\/nowa.avalonenglish.com\/index.php\/direct-method-for-english\/\",\"name\":\"Direct Method for English - AVALON ENGLISH SCHOOL\",\"isPartOf\":{\"@id\":\"http:\/\/nowa.avalonenglish.com\/#website\"},\"datePublished\":\"2022-10-11T17:09:59+00:00\",\"dateModified\":\"2022-10-11T17:11:53+00:00\",\"breadcrumb\":{\"@id\":\"http:\/\/nowa.avalonenglish.com\/index.php\/direct-method-for-english\/#breadcrumb\"},\"inLanguage\":\"pl-PL\",\"potentialAction\":[{\"@type\":\"ReadAction\",\"target\":[\"http:\/\/nowa.avalonenglish.com\/index.php\/direct-method-for-english\/\"]}]},{\"@type\":\"BreadcrumbList\",\"@id\":\"http:\/\/nowa.avalonenglish.com\/index.php\/direct-method-for-english\/#breadcrumb\",\"itemListElement\":[{\"@type\":\"ListItem\",\"position\":1,\"name\":\"Home\",\"item\":\"http:\/\/nowa.avalonenglish.com\/\"},{\"@type\":\"ListItem\",\"position\":2,\"name\":\"Direct Method for English\"}]},{\"@type\":\"WebSite\",\"@id\":\"http:\/\/nowa.avalonenglish.com\/#website\",\"url\":\"http:\/\/nowa.avalonenglish.com\/\",\"name\":\"AVALON ENGLISH SCHOOL\",\"description\":\"Szko\u0142a j\u0119zyk\u00f3w obcych\",\"potentialAction\":[{\"@type\":\"SearchAction\",\"target\":{\"@type\":\"EntryPoint\",\"urlTemplate\":\"http:\/\/nowa.avalonenglish.com\/?s={search_term_string}\"},\"query-input\":\"required name=search_term_string\"}],\"inLanguage\":\"pl-PL\"}]}<\/script>\n<!-- \/ Yoast SEO plugin. -->","yoast_head_json":{"title":"Direct Method for English - AVALON ENGLISH SCHOOL","robots":{"index":"index","follow":"follow","max-snippet":"max-snippet:-1","max-image-preview":"max-image-preview:large","max-video-preview":"max-video-preview:-1"},"canonical":"http:\/\/nowa.avalonenglish.com\/index.php\/direct-method-for-english\/","og_locale":"pl_PL","og_type":"article","og_title":"Direct Method for English - AVALON ENGLISH SCHOOL","og_description":"Proponujemy Pa\u0144stwu kurs j\u0119zyka angielskiego prowadzony jedn\u0105 z najnowszych metod nauczania w\/w j\u0119zyka. Direct Method for English jest to metoda...","og_url":"http:\/\/nowa.avalonenglish.com\/index.php\/direct-method-for-english\/","og_site_name":"AVALON ENGLISH SCHOOL","article_modified_time":"2022-10-11T17:11:53+00:00","twitter_card":"summary_large_image","twitter_misc":{"Szacowany czas czytania":"2 minuty"},"schema":{"@context":"https:\/\/schema.org","@graph":[{"@type":"WebPage","@id":"http:\/\/nowa.avalonenglish.com\/index.php\/direct-method-for-english\/","url":"http:\/\/nowa.avalonenglish.com\/index.php\/direct-method-for-english\/","name":"Direct Method for English - AVALON ENGLISH SCHOOL","isPartOf":{"@id":"http:\/\/nowa.avalonenglish.com\/#website"},"datePublished":"2022-10-11T17:09:59+00:00","dateModified":"2022-10-11T17:11:53+00:00","breadcrumb":{"@id":"http:\/\/nowa.avalonenglish.com\/index.php\/direct-method-for-english\/#breadcrumb"},"inLanguage":"pl-PL","potentialAction":[{"@type":"ReadAction","target":["http:\/\/nowa.avalonenglish.com\/index.php\/direct-method-for-english\/"]}]},{"@type":"BreadcrumbList","@id":"http:\/\/nowa.avalonenglish.com\/index.php\/direct-method-for-english\/#breadcrumb","itemListElement":[{"@type":"ListItem","position":1,"name":"Home","item":"http:\/\/nowa.avalonenglish.com\/"},{"@type":"ListItem","position":2,"name":"Direct Method for English"}]},{"@type":"WebSite","@id":"http:\/\/nowa.avalonenglish.com\/#website","url":"http:\/\/nowa.avalonenglish.com\/","name":"AVALON ENGLISH SCHOOL","description":"Szko\u0142a j\u0119zyk\u00f3w obcych","potentialAction":[{"@type":"SearchAction","target":{"@type":"EntryPoint","urlTemplate":"http:\/\/nowa.avalonenglish.com\/?s={search_term_string}"},"query-input":"required name=search_term_string"}],"inLanguage":"pl-PL"}]}},"_links":{"self":[{"href":"http:\/\/nowa.avalonenglish.com\/index.php\/wp-json\/wp\/v2\/pages\/6551","targetHints":{"allow":["GET"]}}],"collection":[{"href":"http:\/\/nowa.avalonenglish.com\/index.php\/wp-json\/wp\/v2\/pages"}],"about":[{"href":"http:\/\/nowa.avalonenglish.com\/index.php\/wp-json\/wp\/v2\/types\/page"}],"author":[{"embeddable":true,"href":"http:\/\/nowa.avalonenglish.com\/index.php\/wp-json\/wp\/v2\/users\/1"}],"replies":[{"embeddable":true,"href":"http:\/\/nowa.avalonenglish.com\/index.php\/wp-json\/wp\/v2\/comments?post=6551"}],"version-history":[{"count":2,"href":"http:\/\/nowa.avalonenglish.com\/index.php\/wp-json\/wp\/v2\/pages\/6551\/revisions"}],"predecessor-version":[{"id":6554,"href":"http:\/\/nowa.avalonenglish.com\/index.php\/wp-json\/wp\/v2\/pages\/6551\/revisions\/6554"}],"wp:attachment":[{"href":"http:\/\/nowa.avalonenglish.com\/index.php\/wp-json\/wp\/v2\/media?parent=6551"}],"curies":[{"name":"wp","href":"https:\/\/api.w.org\/{rel}","templated":true}]}}