{"id":6555,"date":"2022-10-11T19:13:42","date_gmt":"2022-10-11T17:13:42","guid":{"rendered":"http:\/\/nowa.avalonenglish.com\/?page_id=6555"},"modified":"2022-10-11T19:13:43","modified_gmt":"2022-10-11T17:13:43","slug":"kursy-przygotowujace-do-wyjazdu-za-granice","status":"publish","type":"page","link":"http:\/\/nowa.avalonenglish.com\/index.php\/kursy-przygotowujace-do-wyjazdu-za-granice\/","title":{"rendered":"Kursy przygotowuj\u0105ce do wyjazdu za granic\u0119"},"content":{"rendered":"<style type=\"text\/css\"><\/style>\n<p>Kursy przygotowuj\u0105ce do wyjazdu za granic\u0119 \u2013 Kurs metod\u0105 ADE obejmuje s\u0142ownictwo z wszystkich wa\u017cnych dziedzin \u017cycia, takich jak: praca, czas wolny, rozrywka itp. Dzi\u0119ki temu s\u0142uchacze doskonale poradz\u0105 sobie za granic\u0105 w r\u00f3\u017cnych sytuacjach: na lotnisku, w hotelu, w banku, na zakupach itp.<\/p>\n","protected":false},"excerpt":{"rendered":"<p>Kursy przygotowuj\u0105ce do wyjazdu za granic\u0119 \u2013 Kurs metod\u0105 ADE obejmuje s\u0142ownictwo z wszystkich wa\u017cnych dziedzin \u017cycia, takich jak: praca,&#8230;<\/p>\n","protected":false},"author":1,"featured_media":0,"parent":0,"menu_order":0,"comment_status":"closed","ping_status":"closed","template":"","meta":{"footnotes":""},"class_list":["post-6555","page","type-page","status-publish","hentry"],"yoast_head":"<!-- This site is optimized with the Yoast SEO plugin v19.10 - https:\/\/yoast.com\/wordpress\/plugins\/seo\/ -->\n<title>Kursy przygotowuj\u0105ce do wyjazdu za granic\u0119 - AVALON ENGLISH SCHOOL<\/title>\n<meta name=\"robots\" content=\"index, follow, max-snippet:-1, max-image-preview:large, max-video-preview:-1\" \/>\n<link rel=\"canonical\" href=\"http:\/\/nowa.avalonenglish.com\/index.php\/kursy-przygotowujace-do-wyjazdu-za-granice\/\" \/>\n<meta property=\"og:locale\" content=\"pl_PL\" \/>\n<meta property=\"og:type\" content=\"article\" \/>\n<meta property=\"og:title\" content=\"Kursy przygotowuj\u0105ce do wyjazdu za granic\u0119 - AVALON ENGLISH SCHOOL\" \/>\n<meta property=\"og:description\" content=\"Kursy przygotowuj\u0105ce do wyjazdu za granic\u0119 \u2013 Kurs metod\u0105 ADE obejmuje s\u0142ownictwo z wszystkich wa\u017cnych dziedzin \u017cycia, takich jak: praca,...\" \/>\n<meta property=\"og:url\" content=\"http:\/\/nowa.avalonenglish.com\/index.php\/kursy-przygotowujace-do-wyjazdu-za-granice\/\" \/>\n<meta property=\"og:site_name\" content=\"AVALON ENGLISH SCHOOL\" \/>\n<meta property=\"article:modified_time\" content=\"2022-10-11T17:13:43+00:00\" \/>\n<meta name=\"twitter:card\" content=\"summary_large_image\" \/>\n<meta name=\"twitter:label1\" content=\"Szacowany czas czytania\" \/>\n\t<meta name=\"twitter:data1\" content=\"1 minuta\" \/>\n<script type=\"application\/ld+json\" class=\"yoast-schema-graph\">{\"@context\":\"https:\/\/schema.org\",\"@graph\":[{\"@type\":\"WebPage\",\"@id\":\"http:\/\/nowa.avalonenglish.com\/index.php\/kursy-przygotowujace-do-wyjazdu-za-granice\/\",\"url\":\"http:\/\/nowa.avalonenglish.com\/index.php\/kursy-przygotowujace-do-wyjazdu-za-granice\/\",\"name\":\"Kursy przygotowuj\u0105ce do wyjazdu za granic\u0119 - AVALON ENGLISH SCHOOL\",\"isPartOf\":{\"@id\":\"http:\/\/nowa.avalonenglish.com\/#website\"},\"datePublished\":\"2022-10-11T17:13:42+00:00\",\"dateModified\":\"2022-10-11T17:13:43+00:00\",\"breadcrumb\":{\"@id\":\"http:\/\/nowa.avalonenglish.com\/index.php\/kursy-przygotowujace-do-wyjazdu-za-granice\/#breadcrumb\"},\"inLanguage\":\"pl-PL\",\"potentialAction\":[{\"@type\":\"ReadAction\",\"target\":[\"http:\/\/nowa.avalonenglish.com\/index.php\/kursy-przygotowujace-do-wyjazdu-za-granice\/\"]}]},{\"@type\":\"BreadcrumbList\",\"@id\":\"http:\/\/nowa.avalonenglish.com\/index.php\/kursy-przygotowujace-do-wyjazdu-za-granice\/#breadcrumb\",\"itemListElement\":[{\"@type\":\"ListItem\",\"position\":1,\"name\":\"Home\",\"item\":\"http:\/\/nowa.avalonenglish.com\/\"},{\"@type\":\"ListItem\",\"position\":2,\"name\":\"Kursy przygotowuj\u0105ce do wyjazdu za granic\u0119\"}]},{\"@type\":\"WebSite\",\"@id\":\"http:\/\/nowa.avalonenglish.com\/#website\",\"url\":\"http:\/\/nowa.avalonenglish.com\/\",\"name\":\"AVALON ENGLISH SCHOOL\",\"description\":\"Szko\u0142a j\u0119zyk\u00f3w obcych\",\"potentialAction\":[{\"@type\":\"SearchAction\",\"target\":{\"@type\":\"EntryPoint\",\"urlTemplate\":\"http:\/\/nowa.avalonenglish.com\/?s={search_term_string}\"},\"query-input\":\"required name=search_term_string\"}],\"inLanguage\":\"pl-PL\"}]}<\/script>\n<!-- \/ Yoast SEO plugin. -->","yoast_head_json":{"title":"Kursy przygotowuj\u0105ce do wyjazdu za granic\u0119 - AVALON ENGLISH SCHOOL","robots":{"index":"index","follow":"follow","max-snippet":"max-snippet:-1","max-image-preview":"max-image-preview:large","max-video-preview":"max-video-preview:-1"},"canonical":"http:\/\/nowa.avalonenglish.com\/index.php\/kursy-przygotowujace-do-wyjazdu-za-granice\/","og_locale":"pl_PL","og_type":"article","og_title":"Kursy przygotowuj\u0105ce do wyjazdu za granic\u0119 - AVALON ENGLISH SCHOOL","og_description":"Kursy przygotowuj\u0105ce do wyjazdu za granic\u0119 \u2013 Kurs metod\u0105 ADE obejmuje s\u0142ownictwo z wszystkich wa\u017cnych dziedzin \u017cycia, takich jak: praca,...","og_url":"http:\/\/nowa.avalonenglish.com\/index.php\/kursy-przygotowujace-do-wyjazdu-za-granice\/","og_site_name":"AVALON ENGLISH SCHOOL","article_modified_time":"2022-10-11T17:13:43+00:00","twitter_card":"summary_large_image","twitter_misc":{"Szacowany czas czytania":"1 minuta"},"schema":{"@context":"https:\/\/schema.org","@graph":[{"@type":"WebPage","@id":"http:\/\/nowa.avalonenglish.com\/index.php\/kursy-przygotowujace-do-wyjazdu-za-granice\/","url":"http:\/\/nowa.avalonenglish.com\/index.php\/kursy-przygotowujace-do-wyjazdu-za-granice\/","name":"Kursy przygotowuj\u0105ce do wyjazdu za granic\u0119 - AVALON ENGLISH SCHOOL","isPartOf":{"@id":"http:\/\/nowa.avalonenglish.com\/#website"},"datePublished":"2022-10-11T17:13:42+00:00","dateModified":"2022-10-11T17:13:43+00:00","breadcrumb":{"@id":"http:\/\/nowa.avalonenglish.com\/index.php\/kursy-przygotowujace-do-wyjazdu-za-granice\/#breadcrumb"},"inLanguage":"pl-PL","potentialAction":[{"@type":"ReadAction","target":["http:\/\/nowa.avalonenglish.com\/index.php\/kursy-przygotowujace-do-wyjazdu-za-granice\/"]}]},{"@type":"BreadcrumbList","@id":"http:\/\/nowa.avalonenglish.com\/index.php\/kursy-przygotowujace-do-wyjazdu-za-granice\/#breadcrumb","itemListElement":[{"@type":"ListItem","position":1,"name":"Home","item":"http:\/\/nowa.avalonenglish.com\/"},{"@type":"ListItem","position":2,"name":"Kursy przygotowuj\u0105ce do wyjazdu za granic\u0119"}]},{"@type":"WebSite","@id":"http:\/\/nowa.avalonenglish.com\/#website","url":"http:\/\/nowa.avalonenglish.com\/","name":"AVALON ENGLISH SCHOOL","description":"Szko\u0142a j\u0119zyk\u00f3w obcych","potentialAction":[{"@type":"SearchAction","target":{"@type":"EntryPoint","urlTemplate":"http:\/\/nowa.avalonenglish.com\/?s={search_term_string}"},"query-input":"required name=search_term_string"}],"inLanguage":"pl-PL"}]}},"_links":{"self":[{"href":"http:\/\/nowa.avalonenglish.com\/index.php\/wp-json\/wp\/v2\/pages\/6555","targetHints":{"allow":["GET"]}}],"collection":[{"href":"http:\/\/nowa.avalonenglish.com\/index.php\/wp-json\/wp\/v2\/pages"}],"about":[{"href":"http:\/\/nowa.avalonenglish.com\/index.php\/wp-json\/wp\/v2\/types\/page"}],"author":[{"embeddable":true,"href":"http:\/\/nowa.avalonenglish.com\/index.php\/wp-json\/wp\/v2\/users\/1"}],"replies":[{"embeddable":true,"href":"http:\/\/nowa.avalonenglish.com\/index.php\/wp-json\/wp\/v2\/comments?post=6555"}],"version-history":[{"count":1,"href":"http:\/\/nowa.avalonenglish.com\/index.php\/wp-json\/wp\/v2\/pages\/6555\/revisions"}],"predecessor-version":[{"id":6556,"href":"http:\/\/nowa.avalonenglish.com\/index.php\/wp-json\/wp\/v2\/pages\/6555\/revisions\/6556"}],"wp:attachment":[{"href":"http:\/\/nowa.avalonenglish.com\/index.php\/wp-json\/wp\/v2\/media?parent=6555"}],"curies":[{"name":"wp","href":"https:\/\/api.w.org\/{rel}","templated":true}]}}