{"id":6559,"date":"2022-10-11T19:15:14","date_gmt":"2022-10-11T17:15:14","guid":{"rendered":"http:\/\/nowa.avalonenglish.com\/?page_id=6559"},"modified":"2022-10-11T19:18:25","modified_gmt":"2022-10-11T17:18:25","slug":"kursy-przygotowujace-do-egzaminu-cambridge","status":"publish","type":"page","link":"http:\/\/nowa.avalonenglish.com\/index.php\/kursy-przygotowujace-do-egzaminu-cambridge\/","title":{"rendered":"kursy\u00a0przygotowuj\u0105ce do Egzaminu CAMBRIDGE"},"content":{"rendered":"<style type=\"text\/css\"><\/style>\n<p>Key English Test (KET &#8211; CAMBRIDGE LEVEL 1)<br>KET jest mi\u0119dzynarodowym egzaminem znajomo\u015bci j\u0119zyka angielskiego na poziomie podstawowym.<br>KET jest niezale\u017cn\u0105 cz\u0119\u015bci\u0105 programu Look Ahead &#8211; wsp\u00f3lnego przedsi\u0119wzi\u0119cia The British Council, Syndykatu Egzaminacyjnego Uniwersytetu Cambridge (UCLES), BBC i wydawnictwa LONGMAN, prowadzonego pod auspicjami Rady Europy.<br>Zak\u0142ada si\u0119, \u017ce kandydaci przyst\u0119puj\u0105cy do KET uczyli si\u0119 angielskiego przez ok. 180 &#8211; 200 godzin.<br>Kandydaci przyst\u0119puj\u0105cy do KET potrafi\u0105 porozumiewa\u0107 si\u0119 w j\u0119zyku angielskim w podstawowych sytuacjach \u017cycia codziennego.<br>KET, podobnie jak dyplom szko\u0142y \u015bredniej lub uczelni, jest wa\u017cny przez ca\u0142e \u017cycie.<\/p>\n\n\n\n<p>Preliminary English Test (PET &#8211; CAMBRIDGE POZIOM 2)<\/p>\n\n\n\n<p>PET jest mi\u0119dzynarodowym egzaminem znajomo\u015bci j\u0119zyka angielskiego na poziomie ponad podstawowym.<br>PET jest niezale\u017cn\u0105 cz\u0119\u015bci\u0105 programu Look Ahead &#8211; wsp\u00f3lnego przedsi\u0119wzi\u0119cia The British Council, Syndykatu Egzaminacyjnego Uniwersytetu Cambridge (UCLES), BBC i wydawnictwa LONGMAN, prowadzonego pod auspicjami Rady Europy.<br>Kandydaci PET potrafi\u0105 pos\u0142ugiwa\u0107 si\u0119 j\u0119zykiem m\u00f3wionym i pisanym na poziomie ponad podstawowym zar\u00f3wno w pracy jak i \u017cyciu codziennym.<br>Zak\u0142ada si\u0119, \u017ce kandydaci przyst\u0119puj\u0105cy do PET uczyli si\u0119 angielskiego przez ok. 375 godzin.<br>PET, podobnie jak dyplom szko\u0142y \u015bredniej lub uczelni, jest wa\u017cny przez ca\u0142e \u017cycie.<\/p>\n\n\n\n<p>First Certificate in English<br>jest jednym z najbardziej popularnych egzamin\u00f3w z j\u0119zyka angielskiego na \u015bwiecie na poziomie \u015bredniozaawansowanym<br>FCE nale\u017cy do grupy egzamin\u00f3w uznawanych przez Ministerstwo Edukacji Narodowej na prawach dawnego egzaminu pa\u0144stwowego z j\u0119zyka angielskiego.<br>FCE jest honorowany przez Urz\u0105d S\u0142u\u017cby Cywilnej jako udokumentowanie kwalifikacji j\u0119zykowych wymaganych od pracownik\u00f3w polskiej s\u0142u\u017cby cywilnej.<br>FCE jest uznawany przez Ministerstwo Edukacji Narodowej jako udokumentowanie kwalifikacji j\u0119zykowych przez przewodnik\u00f3w turystycznych i pilot\u00f3w wycieczek.<br>FCE jest szeroko uznawany w handlu i przemy\u015ble w Polsce i na ca\u0142ym \u015bwiecie.<br>FCE spe\u0142nia wymagania j\u0119zykowe stawiane przez wiele uniwersytet\u00f3w i instytucji edukacyjnych przy rekrutacji student\u00f3w.<br>Przygotowanie do FCE wymaga ok 600 &#8211; 650 godzin nauki j\u0119zyka angielskiego.<br>Certyfikat FCE jest wa\u017cny bezterminowo.<\/p>\n\n\n\n<p>Certificate in Advanced English<br>to uznawany na ca\u0142ym \u015bwiecie certyfikat z j\u0119zyka angielskiego na poziomie zaawansowanym.<br>CAE nale\u017cy do grupy egzamin\u00f3w uznawanych przez Ministerstwo Edukacji Narodowej na prawach dawnego egzaminu pa\u0144stwowego z j\u0119zyka angielskiego.<br>CAE jest honorowany przez Urz\u0105d S\u0142u\u017cby Cywilnej jako udokumentowanie kwalifikacji j\u0119zykowych wymaganych od pracownik\u00f3w polskiej s\u0142u\u017cby cywilnej.<br>CAE jest uznawany przez Ministerstwo Edukacji Narodowej jako udokumentowanie kwalifikacji j\u0119zykowych przewodnik\u00f3w turystycznych i pilot\u00f3w wycieczek.<br>CAE jest uznawany przez Ministerstwo Edukacji Narodowej jako udokumentowanie kwalifikacji j\u0119zykowych przekwalifikuj\u0105cych si\u0119 nauczycieli.<br>CAE jest szeroko uznawany w handlu i przemy\u015ble na ca\u0142ym \u015bwiecie.<br>CAE spe\u0142nia wymagania j\u0119zykowe stawiane przez wiele angloj\u0119zycznych uniwersytet\u00f3w i instytucji edukacyjnych przy rekrutacji student\u00f3w.<br>Przygotowanie do CAE wymaga ok 750 &#8211; 800 godzin nauki j\u0119zyka angielskiego.<br>Certyfikat CAE jest wa\u017cny bezterminowo.<\/p>\n","protected":false},"excerpt":{"rendered":"<p>Key English Test (KET &#8211; CAMBRIDGE LEVEL 1)KET jest mi\u0119dzynarodowym egzaminem znajomo\u015bci j\u0119zyka angielskiego na poziomie podstawowym.KET jest niezale\u017cn\u0105 cz\u0119\u015bci\u0105&#8230;<\/p>\n","protected":false},"author":1,"featured_media":0,"parent":0,"menu_order":0,"comment_status":"closed","ping_status":"closed","template":"","meta":{"footnotes":""},"class_list":["post-6559","page","type-page","status-publish","hentry"],"yoast_head":"<!-- This site is optimized with the Yoast SEO plugin v19.10 - https:\/\/yoast.com\/wordpress\/plugins\/seo\/ -->\n<title>kursy\u00a0przygotowuj\u0105ce do Egzaminu CAMBRIDGE - AVALON ENGLISH SCHOOL<\/title>\n<meta name=\"robots\" content=\"index, follow, max-snippet:-1, max-image-preview:large, max-video-preview:-1\" \/>\n<link rel=\"canonical\" href=\"http:\/\/nowa.avalonenglish.com\/index.php\/kursy-przygotowujace-do-egzaminu-cambridge\/\" \/>\n<meta property=\"og:locale\" content=\"pl_PL\" \/>\n<meta property=\"og:type\" content=\"article\" \/>\n<meta property=\"og:title\" content=\"kursy\u00a0przygotowuj\u0105ce do Egzaminu CAMBRIDGE - AVALON ENGLISH SCHOOL\" \/>\n<meta property=\"og:description\" content=\"Key English Test (KET &#8211; CAMBRIDGE LEVEL 1)KET jest mi\u0119dzynarodowym egzaminem znajomo\u015bci j\u0119zyka angielskiego na poziomie podstawowym.KET jest niezale\u017cn\u0105 cz\u0119\u015bci\u0105...\" \/>\n<meta property=\"og:url\" content=\"http:\/\/nowa.avalonenglish.com\/index.php\/kursy-przygotowujace-do-egzaminu-cambridge\/\" \/>\n<meta property=\"og:site_name\" content=\"AVALON ENGLISH SCHOOL\" \/>\n<meta property=\"article:modified_time\" content=\"2022-10-11T17:18:25+00:00\" \/>\n<meta name=\"twitter:card\" content=\"summary_large_image\" \/>\n<meta name=\"twitter:label1\" content=\"Szacowany czas czytania\" \/>\n\t<meta name=\"twitter:data1\" content=\"3 minuty\" \/>\n<script type=\"application\/ld+json\" class=\"yoast-schema-graph\">{\"@context\":\"https:\/\/schema.org\",\"@graph\":[{\"@type\":\"WebPage\",\"@id\":\"http:\/\/nowa.avalonenglish.com\/index.php\/kursy-przygotowujace-do-egzaminu-cambridge\/\",\"url\":\"http:\/\/nowa.avalonenglish.com\/index.php\/kursy-przygotowujace-do-egzaminu-cambridge\/\",\"name\":\"kursy\u00a0przygotowuj\u0105ce do Egzaminu CAMBRIDGE - AVALON ENGLISH SCHOOL\",\"isPartOf\":{\"@id\":\"http:\/\/nowa.avalonenglish.com\/#website\"},\"datePublished\":\"2022-10-11T17:15:14+00:00\",\"dateModified\":\"2022-10-11T17:18:25+00:00\",\"breadcrumb\":{\"@id\":\"http:\/\/nowa.avalonenglish.com\/index.php\/kursy-przygotowujace-do-egzaminu-cambridge\/#breadcrumb\"},\"inLanguage\":\"pl-PL\",\"potentialAction\":[{\"@type\":\"ReadAction\",\"target\":[\"http:\/\/nowa.avalonenglish.com\/index.php\/kursy-przygotowujace-do-egzaminu-cambridge\/\"]}]},{\"@type\":\"BreadcrumbList\",\"@id\":\"http:\/\/nowa.avalonenglish.com\/index.php\/kursy-przygotowujace-do-egzaminu-cambridge\/#breadcrumb\",\"itemListElement\":[{\"@type\":\"ListItem\",\"position\":1,\"name\":\"Home\",\"item\":\"http:\/\/nowa.avalonenglish.com\/\"},{\"@type\":\"ListItem\",\"position\":2,\"name\":\"kursy\u00a0przygotowuj\u0105ce do Egzaminu CAMBRIDGE\"}]},{\"@type\":\"WebSite\",\"@id\":\"http:\/\/nowa.avalonenglish.com\/#website\",\"url\":\"http:\/\/nowa.avalonenglish.com\/\",\"name\":\"AVALON ENGLISH SCHOOL\",\"description\":\"Szko\u0142a j\u0119zyk\u00f3w obcych\",\"potentialAction\":[{\"@type\":\"SearchAction\",\"target\":{\"@type\":\"EntryPoint\",\"urlTemplate\":\"http:\/\/nowa.avalonenglish.com\/?s={search_term_string}\"},\"query-input\":\"required name=search_term_string\"}],\"inLanguage\":\"pl-PL\"}]}<\/script>\n<!-- \/ Yoast SEO plugin. -->","yoast_head_json":{"title":"kursy\u00a0przygotowuj\u0105ce do Egzaminu CAMBRIDGE - AVALON ENGLISH SCHOOL","robots":{"index":"index","follow":"follow","max-snippet":"max-snippet:-1","max-image-preview":"max-image-preview:large","max-video-preview":"max-video-preview:-1"},"canonical":"http:\/\/nowa.avalonenglish.com\/index.php\/kursy-przygotowujace-do-egzaminu-cambridge\/","og_locale":"pl_PL","og_type":"article","og_title":"kursy\u00a0przygotowuj\u0105ce do Egzaminu CAMBRIDGE - AVALON ENGLISH SCHOOL","og_description":"Key English Test (KET &#8211; CAMBRIDGE LEVEL 1)KET jest mi\u0119dzynarodowym egzaminem znajomo\u015bci j\u0119zyka angielskiego na poziomie podstawowym.KET jest niezale\u017cn\u0105 cz\u0119\u015bci\u0105...","og_url":"http:\/\/nowa.avalonenglish.com\/index.php\/kursy-przygotowujace-do-egzaminu-cambridge\/","og_site_name":"AVALON ENGLISH SCHOOL","article_modified_time":"2022-10-11T17:18:25+00:00","twitter_card":"summary_large_image","twitter_misc":{"Szacowany czas czytania":"3 minuty"},"schema":{"@context":"https:\/\/schema.org","@graph":[{"@type":"WebPage","@id":"http:\/\/nowa.avalonenglish.com\/index.php\/kursy-przygotowujace-do-egzaminu-cambridge\/","url":"http:\/\/nowa.avalonenglish.com\/index.php\/kursy-przygotowujace-do-egzaminu-cambridge\/","name":"kursy\u00a0przygotowuj\u0105ce do Egzaminu CAMBRIDGE - AVALON ENGLISH SCHOOL","isPartOf":{"@id":"http:\/\/nowa.avalonenglish.com\/#website"},"datePublished":"2022-10-11T17:15:14+00:00","dateModified":"2022-10-11T17:18:25+00:00","breadcrumb":{"@id":"http:\/\/nowa.avalonenglish.com\/index.php\/kursy-przygotowujace-do-egzaminu-cambridge\/#breadcrumb"},"inLanguage":"pl-PL","potentialAction":[{"@type":"ReadAction","target":["http:\/\/nowa.avalonenglish.com\/index.php\/kursy-przygotowujace-do-egzaminu-cambridge\/"]}]},{"@type":"BreadcrumbList","@id":"http:\/\/nowa.avalonenglish.com\/index.php\/kursy-przygotowujace-do-egzaminu-cambridge\/#breadcrumb","itemListElement":[{"@type":"ListItem","position":1,"name":"Home","item":"http:\/\/nowa.avalonenglish.com\/"},{"@type":"ListItem","position":2,"name":"kursy\u00a0przygotowuj\u0105ce do Egzaminu CAMBRIDGE"}]},{"@type":"WebSite","@id":"http:\/\/nowa.avalonenglish.com\/#website","url":"http:\/\/nowa.avalonenglish.com\/","name":"AVALON ENGLISH SCHOOL","description":"Szko\u0142a j\u0119zyk\u00f3w obcych","potentialAction":[{"@type":"SearchAction","target":{"@type":"EntryPoint","urlTemplate":"http:\/\/nowa.avalonenglish.com\/?s={search_term_string}"},"query-input":"required name=search_term_string"}],"inLanguage":"pl-PL"}]}},"_links":{"self":[{"href":"http:\/\/nowa.avalonenglish.com\/index.php\/wp-json\/wp\/v2\/pages\/6559","targetHints":{"allow":["GET"]}}],"collection":[{"href":"http:\/\/nowa.avalonenglish.com\/index.php\/wp-json\/wp\/v2\/pages"}],"about":[{"href":"http:\/\/nowa.avalonenglish.com\/index.php\/wp-json\/wp\/v2\/types\/page"}],"author":[{"embeddable":true,"href":"http:\/\/nowa.avalonenglish.com\/index.php\/wp-json\/wp\/v2\/users\/1"}],"replies":[{"embeddable":true,"href":"http:\/\/nowa.avalonenglish.com\/index.php\/wp-json\/wp\/v2\/comments?post=6559"}],"version-history":[{"count":4,"href":"http:\/\/nowa.avalonenglish.com\/index.php\/wp-json\/wp\/v2\/pages\/6559\/revisions"}],"predecessor-version":[{"id":6567,"href":"http:\/\/nowa.avalonenglish.com\/index.php\/wp-json\/wp\/v2\/pages\/6559\/revisions\/6567"}],"wp:attachment":[{"href":"http:\/\/nowa.avalonenglish.com\/index.php\/wp-json\/wp\/v2\/media?parent=6559"}],"curies":[{"name":"wp","href":"https:\/\/api.w.org\/{rel}","templated":true}]}}