{"id":6500,"date":"2022-09-08T12:48:07","date_gmt":"2022-09-08T10:48:07","guid":{"rendered":"http:\/\/nowa.avalonenglish.com\/?page_id=6500"},"modified":"2022-09-08T14:15:39","modified_gmt":"2022-09-08T12:15:39","slug":"o-szkole","status":"publish","type":"page","link":"https:\/\/nowa.avalonenglish.com\/index.php\/o-szkole\/","title":{"rendered":"O szkole"},"content":{"rendered":"<style type=\"text\/css\"><\/style>\n<p><\/p>\n\n\n\n<h2 class=\"wp-block-heading\">Szanowni Pa\u0144stwo!<\/h2>\n\n\n\n<p>AVALON ENGLISH SCHOOL jest szko\u0142\u0105 dla kt\u00f3rej priorytetem jest najwy\u017csza jako\u015b\u0107 szkole\u0144 i zadowolenie Klient\u00f3w.<\/p>\n\n\n\n<p>Oferta kurs\u00f3w j\u0119zykowych w AVALON ENGLISH SCHOOL jest przygotowana z my\u015bl\u0105 o indywidualnych potrzebach uczestnik\u00f3w kursu. Uczymy g\u0142\u00f3wnie w oparciu o metod\u0119 bezpo\u015bredni\u0105. Najm\u0142odszych \u201eoswajamy\u201d z j\u0119zykiem na zaj\u0119ciach, m\u0142odzie\u017cy i maturzystom pomagamy opanowa\u0107 znajomo\u015b\u0107 j\u0119zyk\u00f3w niezb\u0119dn\u0105 do jak najlepszego wyniku egzaminu dojrza\u0142o\u015bci, studentom i osobom doros\u0142ym pomagamy rozwija\u0107 zdolno\u015bci swobodnego pos\u0142ugiwania si\u0119 j\u0119zykami w pracy i podczas podr\u00f3\u017cy a firmom oferujemy mo\u017cliwo\u015b\u0107 ci\u0105g\u0142ego podnoszenia kwalifikacji zatrudnionych pracownik\u00f3w.<\/p>\n\n\n\n<p>Prowadzimy szkolenia na wszystkich poziomach zaawansowania, zar\u00f3wno grupowe jak i indywidualne. Nasz\u0105 szko\u0142\u0119 tworz\u0105 najlepsi eksperci.<\/p>\n\n\n\n<p>Jeste\u015bmy elastyczni. Dostosowujemy si\u0119 do potrzeb i mo\u017cliwo\u015bci czasowych Klienta. Dzi\u0119ki temu nasi Kursanci maj\u0105 mo\u017cliwo\u015b\u0107 dobrania idealnego harmonogramu.<\/p>\n\n\n\n<p>Liczymy, \u017ce po zapoznaniu si\u0119 z nasz\u0105 ofert\u0105 do\u0142\u0105cz\u0105 Pa\u0144stwo do grona naszych zadowolonych Klient\u00f3w.<\/p>\n\n\n\n<div class=\"wp-block-themepunch-revslider revslider\" data-modal=\"false\" data-slidertitle=\"Slifghgfh\" style=\"\">\n\t\t\t<!-- START Slifghgfh REVOLUTION SLIDER 6.5.23 --><p class=\"rs-p-wp-fix\"><\/p>\n\t\t\t<rs-module-wrap id=\"rev_slider_1_1_wrapper\" data-source=\"gallery\" style=\"visibility:hidden;background:transparent;padding:0;margin:0px auto;margin-top:0;margin-bottom:0;\">\n\t\t\t\t<rs-module id=\"rev_slider_1_1\" style=\"\" data-version=\"6.5.23\">\n\t\t\t\t\t<rs-slides>\n\t\t\t\t\t\t<rs-slide style=\"position: absolute;\" data-key=\"rs-1\" data-title=\"Slide\" data-in=\"o:0;\" data-out=\"a:false;\">\n\t\t\t\t\t\t\t<img decoding=\"async\" src=\"\/\/nowa.avalonenglish.com\/wp-content\/plugins\/revslider\/public\/assets\/assets\/dummy.png\" alt=\"Slide\" title=\"O szkole\" class=\"rev-slidebg tp-rs-img rs-lazyload\" data-lazyload=\"\/\/nowa.avalonenglish.com\/wp-content\/plugins\/revslider\/public\/assets\/assets\/transparent.png\" data-no-retina>\n<!--\n\t\t\t\t\t\t\t--><rs-layer\n\t\t\t\t\t\t\t\tid=\"slider-1-slide-1-layer-0\" \n\t\t\t\t\t\t\t\tdata-type=\"text\"\n\t\t\t\t\t\t\t\tdata-color=\"#4c4c4c\"\n\t\t\t\t\t\t\t\tdata-rsp_ch=\"on\"\n\t\t\t\t\t\t\t\tdata-xy=\"x:50px;y:50px;\"\n\t\t\t\t\t\t\t\tdata-text=\"w:normal;\"\n\t\t\t\t\t\t\t\tdata-frame_999=\"o:0;st:w;sR:8700;\"\n\t\t\t\t\t\t\t\tstyle=\"z-index:8;font-family:'Roboto';\"\n\t\t\t\t\t\t\t>New Layer \n\t\t\t\t\t\t\t<\/rs-layer><!--\n\n\t\t\t\t\t\t\t--><rs-layer\n\t\t\t\t\t\t\t\tid=\"slider-1-slide-1-layer-1\" \n\t\t\t\t\t\t\t\tdata-type=\"text\"\n\t\t\t\t\t\t\t\tdata-color=\"#020202\"\n\t\t\t\t\t\t\t\tdata-rsp_ch=\"on\"\n\t\t\t\t\t\t\t\tdata-xy=\"x:420px;y:342px;\"\n\t\t\t\t\t\t\t\tdata-text=\"w:normal;s:80;l:90;ls:-4;fw:800;\"\n\t\t\t\t\t\t\t\tdata-dim=\"minh:0px;\"\n\t\t\t\t\t\t\t\tdata-ford=\"frame_0;frame_1;frame_2;frame_3;frame_999;\"\n\t\t\t\t\t\t\t\tdata-frame_1=\"x:1px;st:1010;sR:1010;\"\n\t\t\t\t\t\t\t\tdata-frame_999=\"o:0;st:w;sR:3570;\"\n\t\t\t\t\t\t\t\tdata-frame_2=\"oX:50%;oY:50%;oZ:0;tp:600;st:1660;sp:400;sR:350;\"\n\t\t\t\t\t\t\t\tdata-frame_3=\"x:181px;y:-130px;oX:50%;oY:50%;oZ:0;tp:600;st:5030;sp:1000;sR:2970;\"\n\t\t\t\t\t\t\t\tstyle=\"z-index:9;font-family:'Poppins';\"\n\t\t\t\t\t\t\t>New Layer \n\t\t\t\t\t\t\t<\/rs-layer><!--\n-->\t\t\t\t\t\t<\/rs-slide>\n\t\t\t\t\t<\/rs-slides>\n\t\t\t\t<\/rs-module>\n\t\t\t\t<script>\n\t\t\t\t\tsetREVStartSize({c: 'rev_slider_1_1',rl:[1240,1024,778,480],el:[500],gw:[1240],gh:[500],type:'standard',justify:'',layout:'fullwidth',mh:\"0\"});if (window.RS_MODULES!==undefined && window.RS_MODULES.modules!==undefined && window.RS_MODULES.modules[\"revslider11\"]!==undefined) {window.RS_MODULES.modules[\"revslider11\"].once = false;window.revapi1 = undefined;if (window.RS_MODULES.checkMinimal!==undefined) window.RS_MODULES.checkMinimal()}\n\t\t\t\t<\/script>\n\t\t\t<\/rs-module-wrap>\n\t\t\t<!-- END REVOLUTION SLIDER -->\n<\/div>\n","protected":false},"excerpt":{"rendered":"<p>Szanowni Pa\u0144stwo! AVALON ENGLISH SCHOOL jest szko\u0142\u0105 dla kt\u00f3rej priorytetem jest najwy\u017csza jako\u015b\u0107 szkole\u0144 i zadowolenie Klient\u00f3w. Oferta kurs\u00f3w j\u0119zykowych&#8230;<\/p>\n","protected":false},"author":1,"featured_media":0,"parent":0,"menu_order":0,"comment_status":"closed","ping_status":"closed","template":"","meta":{"footnotes":""},"class_list":["post-6500","page","type-page","status-publish","hentry"],"yoast_head":"<!-- This site is optimized with the Yoast SEO plugin v19.10 - https:\/\/yoast.com\/wordpress\/plugins\/seo\/ -->\n<title>O szkole - AVALON ENGLISH SCHOOL<\/title>\n<meta name=\"robots\" content=\"index, follow, max-snippet:-1, max-image-preview:large, max-video-preview:-1\" \/>\n<link rel=\"canonical\" href=\"https:\/\/nowa.avalonenglish.com\/index.php\/o-szkole\/\" \/>\n<meta property=\"og:locale\" content=\"pl_PL\" \/>\n<meta property=\"og:type\" content=\"article\" \/>\n<meta property=\"og:title\" content=\"O szkole - AVALON ENGLISH SCHOOL\" \/>\n<meta property=\"og:description\" content=\"Szanowni Pa\u0144stwo! AVALON ENGLISH SCHOOL jest szko\u0142\u0105 dla kt\u00f3rej priorytetem jest najwy\u017csza jako\u015b\u0107 szkole\u0144 i zadowolenie Klient\u00f3w. Oferta kurs\u00f3w j\u0119zykowych...\" \/>\n<meta property=\"og:url\" content=\"https:\/\/nowa.avalonenglish.com\/index.php\/o-szkole\/\" \/>\n<meta property=\"og:site_name\" content=\"AVALON ENGLISH SCHOOL\" \/>\n<meta property=\"article:modified_time\" content=\"2022-09-08T12:15:39+00:00\" \/>\n<meta name=\"twitter:card\" content=\"summary_large_image\" \/>\n<meta name=\"twitter:label1\" content=\"Szacowany czas czytania\" \/>\n\t<meta name=\"twitter:data1\" content=\"1 minuta\" \/>\n<script type=\"application\/ld+json\" class=\"yoast-schema-graph\">{\"@context\":\"https:\/\/schema.org\",\"@graph\":[{\"@type\":\"WebPage\",\"@id\":\"https:\/\/nowa.avalonenglish.com\/index.php\/o-szkole\/\",\"url\":\"https:\/\/nowa.avalonenglish.com\/index.php\/o-szkole\/\",\"name\":\"O szkole - AVALON ENGLISH SCHOOL\",\"isPartOf\":{\"@id\":\"http:\/\/nowa.avalonenglish.com\/#website\"},\"datePublished\":\"2022-09-08T10:48:07+00:00\",\"dateModified\":\"2022-09-08T12:15:39+00:00\",\"breadcrumb\":{\"@id\":\"https:\/\/nowa.avalonenglish.com\/index.php\/o-szkole\/#breadcrumb\"},\"inLanguage\":\"pl-PL\",\"potentialAction\":[{\"@type\":\"ReadAction\",\"target\":[\"https:\/\/nowa.avalonenglish.com\/index.php\/o-szkole\/\"]}]},{\"@type\":\"BreadcrumbList\",\"@id\":\"https:\/\/nowa.avalonenglish.com\/index.php\/o-szkole\/#breadcrumb\",\"itemListElement\":[{\"@type\":\"ListItem\",\"position\":1,\"name\":\"Home\",\"item\":\"http:\/\/nowa.avalonenglish.com\/\"},{\"@type\":\"ListItem\",\"position\":2,\"name\":\"O szkole\"}]},{\"@type\":\"WebSite\",\"@id\":\"http:\/\/nowa.avalonenglish.com\/#website\",\"url\":\"http:\/\/nowa.avalonenglish.com\/\",\"name\":\"AVALON ENGLISH SCHOOL\",\"description\":\"Szko\u0142a j\u0119zyk\u00f3w obcych\",\"potentialAction\":[{\"@type\":\"SearchAction\",\"target\":{\"@type\":\"EntryPoint\",\"urlTemplate\":\"http:\/\/nowa.avalonenglish.com\/?s={search_term_string}\"},\"query-input\":\"required name=search_term_string\"}],\"inLanguage\":\"pl-PL\"}]}<\/script>\n<!-- \/ Yoast SEO plugin. -->","yoast_head_json":{"title":"O szkole - AVALON ENGLISH SCHOOL","robots":{"index":"index","follow":"follow","max-snippet":"max-snippet:-1","max-image-preview":"max-image-preview:large","max-video-preview":"max-video-preview:-1"},"canonical":"https:\/\/nowa.avalonenglish.com\/index.php\/o-szkole\/","og_locale":"pl_PL","og_type":"article","og_title":"O szkole - AVALON ENGLISH SCHOOL","og_description":"Szanowni Pa\u0144stwo! AVALON ENGLISH SCHOOL jest szko\u0142\u0105 dla kt\u00f3rej priorytetem jest najwy\u017csza jako\u015b\u0107 szkole\u0144 i zadowolenie Klient\u00f3w. Oferta kurs\u00f3w j\u0119zykowych...","og_url":"https:\/\/nowa.avalonenglish.com\/index.php\/o-szkole\/","og_site_name":"AVALON ENGLISH SCHOOL","article_modified_time":"2022-09-08T12:15:39+00:00","twitter_card":"summary_large_image","twitter_misc":{"Szacowany czas czytania":"1 minuta"},"schema":{"@context":"https:\/\/schema.org","@graph":[{"@type":"WebPage","@id":"https:\/\/nowa.avalonenglish.com\/index.php\/o-szkole\/","url":"https:\/\/nowa.avalonenglish.com\/index.php\/o-szkole\/","name":"O szkole - AVALON ENGLISH SCHOOL","isPartOf":{"@id":"http:\/\/nowa.avalonenglish.com\/#website"},"datePublished":"2022-09-08T10:48:07+00:00","dateModified":"2022-09-08T12:15:39+00:00","breadcrumb":{"@id":"https:\/\/nowa.avalonenglish.com\/index.php\/o-szkole\/#breadcrumb"},"inLanguage":"pl-PL","potentialAction":[{"@type":"ReadAction","target":["https:\/\/nowa.avalonenglish.com\/index.php\/o-szkole\/"]}]},{"@type":"BreadcrumbList","@id":"https:\/\/nowa.avalonenglish.com\/index.php\/o-szkole\/#breadcrumb","itemListElement":[{"@type":"ListItem","position":1,"name":"Home","item":"http:\/\/nowa.avalonenglish.com\/"},{"@type":"ListItem","position":2,"name":"O szkole"}]},{"@type":"WebSite","@id":"http:\/\/nowa.avalonenglish.com\/#website","url":"http:\/\/nowa.avalonenglish.com\/","name":"AVALON ENGLISH SCHOOL","description":"Szko\u0142a j\u0119zyk\u00f3w obcych","potentialAction":[{"@type":"SearchAction","target":{"@type":"EntryPoint","urlTemplate":"http:\/\/nowa.avalonenglish.com\/?s={search_term_string}"},"query-input":"required name=search_term_string"}],"inLanguage":"pl-PL"}]}},"_links":{"self":[{"href":"https:\/\/nowa.avalonenglish.com\/index.php\/wp-json\/wp\/v2\/pages\/6500","targetHints":{"allow":["GET"]}}],"collection":[{"href":"https:\/\/nowa.avalonenglish.com\/index.php\/wp-json\/wp\/v2\/pages"}],"about":[{"href":"https:\/\/nowa.avalonenglish.com\/index.php\/wp-json\/wp\/v2\/types\/page"}],"author":[{"embeddable":true,"href":"https:\/\/nowa.avalonenglish.com\/index.php\/wp-json\/wp\/v2\/users\/1"}],"replies":[{"embeddable":true,"href":"https:\/\/nowa.avalonenglish.com\/index.php\/wp-json\/wp\/v2\/comments?post=6500"}],"version-history":[{"count":3,"href":"https:\/\/nowa.avalonenglish.com\/index.php\/wp-json\/wp\/v2\/pages\/6500\/revisions"}],"predecessor-version":[{"id":6507,"href":"https:\/\/nowa.avalonenglish.com\/index.php\/wp-json\/wp\/v2\/pages\/6500\/revisions\/6507"}],"wp:attachment":[{"href":"https:\/\/nowa.avalonenglish.com\/index.php\/wp-json\/wp\/v2\/media?parent=6500"}],"curies":[{"name":"wp","href":"https:\/\/api.w.org\/{rel}","templated":true}]}}