{"id":6515,"date":"2022-09-08T14:29:58","date_gmt":"2022-09-08T12:29:58","guid":{"rendered":"http:\/\/nowa.avalonenglish.com\/?page_id=6515"},"modified":"2022-09-08T14:30:01","modified_gmt":"2022-09-08T12:30:01","slug":"oferta-dla-firm","status":"publish","type":"page","link":"https:\/\/nowa.avalonenglish.com\/index.php\/oferta-dla-firm\/","title":{"rendered":"Oferta dla firm"},"content":{"rendered":"<style type=\"text\/css\"><\/style>\n<h2 class=\"wp-block-heading\">Szanowni Pa\u0144stwo<\/h2>\n\n\n\n<p>Wychodz\u0105c naprzeciw potrzebom rynku, pragn\u0119 przedstawi\u0107 ofert\u0119 i zaprosi\u0107 Pa\u0144stwa do wsp\u00f3\u0142pracy w zakresie zorganizowania i przeprowadzenia kursu j\u0119zyka angielskiego.<\/p>\n\n\n\n<p><strong>Avalon English School<\/strong> jest szko\u0142\u0105, dla kt\u00f3rej priorytetem jest najwy\u017csza jako\u015b\u0107 szkole\u0144 i zadowolenie klient\u00f3w. Naszym atutem jest po\u0142\u0105czenie profesjonalizmu w nauczaniu i zarz\u0105dzaniu z przyjazn\u0105 atmosfer\u0105 na zaj\u0119ciach oraz wysok\u0105 skuteczno\u015bci\u0105 nauczania.<\/p>\n\n\n\n<p><strong>Avalon English School<\/strong> oferuje nauk\u0119 j\u0119zyka angielskiego metod\u0105 <strong>Direct Method for English<\/strong>, kt\u00f3ra umo\u017cliwia sprawn\u0105 i skuteczn\u0105 komunikacj\u0119 w j\u0119zyku angielskim.<\/p>\n\n\n\n<p>Z do\u015bwiadczenia Avalon English School korzysta lub korzysta\u0142o wiele firm, (referencje do przedstawienia na indywidualne \u017cyczenie).<\/p>\n\n\n\n<p>Proponujemy Pa\u0144stwu kurs j\u0119zyka angielskiego prowadzony metod\u0105 bezpo\u015bredni\u0105 lub tradycyjn\u0105, w zale\u017cno\u015bci od Pa\u0144stwa potrzeb, <strong><u>w wymiarze godzin dostosowanym do Pa\u0144stwa \u017cyczenia i mo\u017cliwo\u015bci czasowych zaproponowanych przez Pa\u0144stwa, w formie zaj\u0119\u0107 indywidualnych lub grupowych w miejscu wskazanym przez Pa\u0144stwa oraz na warunkach finansowych wzajemnie uzgodnionych.<\/u><\/strong><\/p>\n\n\n\n<p>Kadra dydaktyczna prowadz\u0105ca kursy ma doskona\u0142e przygotowanie zawodowe, ale i predyspozycje osobowo\u015bciowe, dzi\u0119ki kt\u00f3rym pomaga pokona\u0107 bariery j\u0119zykowe Klienta i problemy zawodowe zwi\u0105zane z brakami w znajomo\u015bci j\u0119zyka obcego. Ca\u0142o\u015b\u0107 procesu dydaktycznego programuje i nadzoruje dyrektor metodyczny.<\/p>\n\n\n\n<p><strong><em>Dodatkowo pragn\u0119 poinformowa\u0107, \u017ce jeste\u015bmy gotowi realizowa\u0107 tematy zaproponowane przez Pa\u0144stwa, zwi\u0105zane ze specyfik\u0105 Pa\u0144stwa bran\u017cy i potrzebami firmy.<\/em><\/strong><\/p>\n\n\n\n<p>Na sukcesy firmy sk\u0142adaj\u0105 si\u0119 mi\u0119dzy innymi: przemy\u015blana koncepcja i strategia dzia\u0142ania, dobra organizacja i system zarz\u0105dzania firm\u0105, profesjonalizm, wysoka jako\u015b\u0107 \u015bwiadczonych us\u0142ug, szybkie i elastyczne dostosowanie si\u0119 do potrzeb Klienta.<\/p>\n\n\n\n<p><strong><u>W naszej firmie od samego pocz\u0105tku najwa\u017cniejsz\u0105 osob\u0105 jest Klient i to Jemu ma s\u0142u\u017cy\u0107 to, co robimy.<\/u><\/strong><\/p>\n\n\n\n<p>Pozostaj\u0119 do Pa\u0144stwa dyspozycji pod numerem telefonu: 17\/242 70 70; 502 221 652, e-:mail: <strong>biuro@avalonenglish.com<\/strong><\/p>\n\n\n\n<p>Liczymy, \u017ce po poznaniu oferty do\u0142\u0105cz\u0105 Pa\u0144stwo do grona naszych zadowolonych Klient\u00f3w. Serdecznie zapraszam do owocnej wsp\u00f3\u0142pracy.<\/p>\n\n\n\n<p>Z powa\u017caniem<br>Anna Bartoszek-Ku\u017aniar<br>W\u0142a\u015bciciel<\/p>\n","protected":false},"excerpt":{"rendered":"<p>Szanowni Pa\u0144stwo Wychodz\u0105c naprzeciw potrzebom rynku, pragn\u0119 przedstawi\u0107 ofert\u0119 i zaprosi\u0107 Pa\u0144stwa do wsp\u00f3\u0142pracy w zakresie zorganizowania i przeprowadzenia kursu&#8230;<\/p>\n","protected":false},"author":1,"featured_media":0,"parent":0,"menu_order":0,"comment_status":"closed","ping_status":"closed","template":"","meta":{"footnotes":""},"class_list":["post-6515","page","type-page","status-publish","hentry"],"yoast_head":"<!-- This site is optimized with the Yoast SEO plugin v19.10 - https:\/\/yoast.com\/wordpress\/plugins\/seo\/ -->\n<title>Oferta dla firm - AVALON ENGLISH SCHOOL<\/title>\n<meta name=\"robots\" content=\"index, follow, max-snippet:-1, max-image-preview:large, max-video-preview:-1\" \/>\n<link rel=\"canonical\" href=\"https:\/\/nowa.avalonenglish.com\/index.php\/oferta-dla-firm\/\" \/>\n<meta property=\"og:locale\" content=\"pl_PL\" \/>\n<meta property=\"og:type\" content=\"article\" \/>\n<meta property=\"og:title\" content=\"Oferta dla firm - AVALON ENGLISH SCHOOL\" \/>\n<meta property=\"og:description\" content=\"Szanowni Pa\u0144stwo Wychodz\u0105c naprzeciw potrzebom rynku, pragn\u0119 przedstawi\u0107 ofert\u0119 i zaprosi\u0107 Pa\u0144stwa do wsp\u00f3\u0142pracy w zakresie zorganizowania i przeprowadzenia kursu...\" \/>\n<meta property=\"og:url\" content=\"https:\/\/nowa.avalonenglish.com\/index.php\/oferta-dla-firm\/\" \/>\n<meta property=\"og:site_name\" content=\"AVALON ENGLISH SCHOOL\" \/>\n<meta property=\"article:modified_time\" content=\"2022-09-08T12:30:01+00:00\" \/>\n<meta name=\"twitter:card\" content=\"summary_large_image\" \/>\n<meta name=\"twitter:label1\" content=\"Szacowany czas czytania\" \/>\n\t<meta name=\"twitter:data1\" content=\"2 minuty\" \/>\n<script type=\"application\/ld+json\" class=\"yoast-schema-graph\">{\"@context\":\"https:\/\/schema.org\",\"@graph\":[{\"@type\":\"WebPage\",\"@id\":\"https:\/\/nowa.avalonenglish.com\/index.php\/oferta-dla-firm\/\",\"url\":\"https:\/\/nowa.avalonenglish.com\/index.php\/oferta-dla-firm\/\",\"name\":\"Oferta dla firm - AVALON ENGLISH SCHOOL\",\"isPartOf\":{\"@id\":\"http:\/\/nowa.avalonenglish.com\/#website\"},\"datePublished\":\"2022-09-08T12:29:58+00:00\",\"dateModified\":\"2022-09-08T12:30:01+00:00\",\"breadcrumb\":{\"@id\":\"https:\/\/nowa.avalonenglish.com\/index.php\/oferta-dla-firm\/#breadcrumb\"},\"inLanguage\":\"pl-PL\",\"potentialAction\":[{\"@type\":\"ReadAction\",\"target\":[\"https:\/\/nowa.avalonenglish.com\/index.php\/oferta-dla-firm\/\"]}]},{\"@type\":\"BreadcrumbList\",\"@id\":\"https:\/\/nowa.avalonenglish.com\/index.php\/oferta-dla-firm\/#breadcrumb\",\"itemListElement\":[{\"@type\":\"ListItem\",\"position\":1,\"name\":\"Home\",\"item\":\"http:\/\/nowa.avalonenglish.com\/\"},{\"@type\":\"ListItem\",\"position\":2,\"name\":\"Oferta dla firm\"}]},{\"@type\":\"WebSite\",\"@id\":\"http:\/\/nowa.avalonenglish.com\/#website\",\"url\":\"http:\/\/nowa.avalonenglish.com\/\",\"name\":\"AVALON ENGLISH SCHOOL\",\"description\":\"Szko\u0142a j\u0119zyk\u00f3w obcych\",\"potentialAction\":[{\"@type\":\"SearchAction\",\"target\":{\"@type\":\"EntryPoint\",\"urlTemplate\":\"http:\/\/nowa.avalonenglish.com\/?s={search_term_string}\"},\"query-input\":\"required name=search_term_string\"}],\"inLanguage\":\"pl-PL\"}]}<\/script>\n<!-- \/ Yoast SEO plugin. -->","yoast_head_json":{"title":"Oferta dla firm - AVALON ENGLISH SCHOOL","robots":{"index":"index","follow":"follow","max-snippet":"max-snippet:-1","max-image-preview":"max-image-preview:large","max-video-preview":"max-video-preview:-1"},"canonical":"https:\/\/nowa.avalonenglish.com\/index.php\/oferta-dla-firm\/","og_locale":"pl_PL","og_type":"article","og_title":"Oferta dla firm - AVALON ENGLISH SCHOOL","og_description":"Szanowni Pa\u0144stwo Wychodz\u0105c naprzeciw potrzebom rynku, pragn\u0119 przedstawi\u0107 ofert\u0119 i zaprosi\u0107 Pa\u0144stwa do wsp\u00f3\u0142pracy w zakresie zorganizowania i przeprowadzenia kursu...","og_url":"https:\/\/nowa.avalonenglish.com\/index.php\/oferta-dla-firm\/","og_site_name":"AVALON ENGLISH SCHOOL","article_modified_time":"2022-09-08T12:30:01+00:00","twitter_card":"summary_large_image","twitter_misc":{"Szacowany czas czytania":"2 minuty"},"schema":{"@context":"https:\/\/schema.org","@graph":[{"@type":"WebPage","@id":"https:\/\/nowa.avalonenglish.com\/index.php\/oferta-dla-firm\/","url":"https:\/\/nowa.avalonenglish.com\/index.php\/oferta-dla-firm\/","name":"Oferta dla firm - AVALON ENGLISH SCHOOL","isPartOf":{"@id":"http:\/\/nowa.avalonenglish.com\/#website"},"datePublished":"2022-09-08T12:29:58+00:00","dateModified":"2022-09-08T12:30:01+00:00","breadcrumb":{"@id":"https:\/\/nowa.avalonenglish.com\/index.php\/oferta-dla-firm\/#breadcrumb"},"inLanguage":"pl-PL","potentialAction":[{"@type":"ReadAction","target":["https:\/\/nowa.avalonenglish.com\/index.php\/oferta-dla-firm\/"]}]},{"@type":"BreadcrumbList","@id":"https:\/\/nowa.avalonenglish.com\/index.php\/oferta-dla-firm\/#breadcrumb","itemListElement":[{"@type":"ListItem","position":1,"name":"Home","item":"http:\/\/nowa.avalonenglish.com\/"},{"@type":"ListItem","position":2,"name":"Oferta dla firm"}]},{"@type":"WebSite","@id":"http:\/\/nowa.avalonenglish.com\/#website","url":"http:\/\/nowa.avalonenglish.com\/","name":"AVALON ENGLISH SCHOOL","description":"Szko\u0142a j\u0119zyk\u00f3w obcych","potentialAction":[{"@type":"SearchAction","target":{"@type":"EntryPoint","urlTemplate":"http:\/\/nowa.avalonenglish.com\/?s={search_term_string}"},"query-input":"required name=search_term_string"}],"inLanguage":"pl-PL"}]}},"_links":{"self":[{"href":"https:\/\/nowa.avalonenglish.com\/index.php\/wp-json\/wp\/v2\/pages\/6515","targetHints":{"allow":["GET"]}}],"collection":[{"href":"https:\/\/nowa.avalonenglish.com\/index.php\/wp-json\/wp\/v2\/pages"}],"about":[{"href":"https:\/\/nowa.avalonenglish.com\/index.php\/wp-json\/wp\/v2\/types\/page"}],"author":[{"embeddable":true,"href":"https:\/\/nowa.avalonenglish.com\/index.php\/wp-json\/wp\/v2\/users\/1"}],"replies":[{"embeddable":true,"href":"https:\/\/nowa.avalonenglish.com\/index.php\/wp-json\/wp\/v2\/comments?post=6515"}],"version-history":[{"count":1,"href":"https:\/\/nowa.avalonenglish.com\/index.php\/wp-json\/wp\/v2\/pages\/6515\/revisions"}],"predecessor-version":[{"id":6516,"href":"https:\/\/nowa.avalonenglish.com\/index.php\/wp-json\/wp\/v2\/pages\/6515\/revisions\/6516"}],"wp:attachment":[{"href":"https:\/\/nowa.avalonenglish.com\/index.php\/wp-json\/wp\/v2\/media?parent=6515"}],"curies":[{"name":"wp","href":"https:\/\/api.w.org\/{rel}","templated":true}]}}