{"id":6526,"date":"2022-09-08T14:41:15","date_gmt":"2022-09-08T12:41:15","guid":{"rendered":"http:\/\/nowa.avalonenglish.com\/?page_id=6526"},"modified":"2022-09-08T14:41:17","modified_gmt":"2022-09-08T12:41:17","slug":"oferta-biura-tlumaczen","status":"publish","type":"page","link":"https:\/\/nowa.avalonenglish.com\/index.php\/oferta-biura-tlumaczen\/","title":{"rendered":"Oferta biura t\u0142umacze\u0144"},"content":{"rendered":"<style type=\"text\/css\"><\/style>\n<p>\u015awiadczymy us\u0142ugi t\u0142umaczeniowe w zakresie j\u0119zyk\u00f3w: <strong>angielskiego, niemieckiego, francuskiego, hiszpa\u0144skiego, w\u0142oskiego, rosyjskiego, szwedzkiego, flamandzkiego, niderlandzkiego oraz innych na \u017cyczenie Klienta.<\/strong><br><br><strong>Wykonujemy t\u0142umaczenia pisemne<\/strong><br>&#8211; zwyk\u0142e<br>&#8211; przysi\u0119g\u0142e<br><br>Dowod\u00f3w rejestracyjnych, akt\u00f3w urodzenia, um\u00f3w kupna i sprzeda\u017cy, negocjacji handlowych i szkole\u0144, tekst\u00f3w technicznych, stron internetowych, korespondencji handlowej, um\u00f3w i statut\u00f3w sp\u00f3\u0142ek, medycznych, materia\u0142\u00f3w reklamowych, korespondencji, artyku\u0142\u00f3w oraz ksi\u0105\u017cek.<br><br>Do ka\u017cdego zlecenia podchodzimy indywidualnie ustalaj\u0105c z Klientem warunki realizacji t\u0142umaczenia. W ten spos\u00f3b Klient otrzymuje ofert\u0119 dostosowan\u0105 dok\u0142adnie do swoich potrzeb, przez co nie jest nara\u017cony na dodatkowe koszty. Taka polityka pozwala nam zaproponowa\u0107 najlepsz\u0105 cen\u0119 na rynku.<br><br><br><strong>Zapewniamy:<\/strong><br>\u2022 kr\u00f3tkie terminy realizacji zlece\u0144<br>\u2022 niskie ceny<br>\u2022 pe\u0142n\u0105 dyskrecj\u0119 i poufno\u015b\u0107 przyjmowanych dokument\u00f3w<br><br><strong>Zlecenia przyjmujemy:<\/strong><br>1. Drog\u0105 elektroniczn\u0105: biuro@avalonenglish.com<br>2. Drog\u0105 pocztow\u0105: ul. Mickiewicza 81, 37-300 Le\u017cajsk;<br>3. Telefonicznie: 17 242 70 70, 502 221 652<br><\/p>\n","protected":false},"excerpt":{"rendered":"<p>\u015awiadczymy us\u0142ugi t\u0142umaczeniowe w zakresie j\u0119zyk\u00f3w: angielskiego, niemieckiego, francuskiego, hiszpa\u0144skiego, w\u0142oskiego, rosyjskiego, szwedzkiego, flamandzkiego, niderlandzkiego oraz innych na \u017cyczenie Klienta&#8230;.<\/p>\n","protected":false},"author":1,"featured_media":0,"parent":0,"menu_order":0,"comment_status":"closed","ping_status":"closed","template":"","meta":{"footnotes":""},"class_list":["post-6526","page","type-page","status-publish","hentry"],"yoast_head":"<!-- This site is optimized with the Yoast SEO plugin v19.10 - https:\/\/yoast.com\/wordpress\/plugins\/seo\/ -->\n<title>Oferta biura t\u0142umacze\u0144 - AVALON ENGLISH SCHOOL<\/title>\n<meta name=\"robots\" content=\"index, follow, max-snippet:-1, max-image-preview:large, max-video-preview:-1\" \/>\n<link rel=\"canonical\" href=\"https:\/\/nowa.avalonenglish.com\/index.php\/oferta-biura-tlumaczen\/\" \/>\n<meta property=\"og:locale\" content=\"pl_PL\" \/>\n<meta property=\"og:type\" content=\"article\" \/>\n<meta property=\"og:title\" content=\"Oferta biura t\u0142umacze\u0144 - AVALON ENGLISH SCHOOL\" \/>\n<meta property=\"og:description\" content=\"\u015awiadczymy us\u0142ugi t\u0142umaczeniowe w zakresie j\u0119zyk\u00f3w: angielskiego, niemieckiego, francuskiego, hiszpa\u0144skiego, w\u0142oskiego, rosyjskiego, szwedzkiego, flamandzkiego, niderlandzkiego oraz innych na \u017cyczenie Klienta....\" \/>\n<meta property=\"og:url\" content=\"https:\/\/nowa.avalonenglish.com\/index.php\/oferta-biura-tlumaczen\/\" \/>\n<meta property=\"og:site_name\" content=\"AVALON ENGLISH SCHOOL\" \/>\n<meta property=\"article:modified_time\" content=\"2022-09-08T12:41:17+00:00\" \/>\n<meta name=\"twitter:card\" content=\"summary_large_image\" \/>\n<meta name=\"twitter:label1\" content=\"Szacowany czas czytania\" \/>\n\t<meta name=\"twitter:data1\" content=\"1 minuta\" \/>\n<script type=\"application\/ld+json\" class=\"yoast-schema-graph\">{\"@context\":\"https:\/\/schema.org\",\"@graph\":[{\"@type\":\"WebPage\",\"@id\":\"https:\/\/nowa.avalonenglish.com\/index.php\/oferta-biura-tlumaczen\/\",\"url\":\"https:\/\/nowa.avalonenglish.com\/index.php\/oferta-biura-tlumaczen\/\",\"name\":\"Oferta biura t\u0142umacze\u0144 - AVALON ENGLISH SCHOOL\",\"isPartOf\":{\"@id\":\"http:\/\/nowa.avalonenglish.com\/#website\"},\"datePublished\":\"2022-09-08T12:41:15+00:00\",\"dateModified\":\"2022-09-08T12:41:17+00:00\",\"breadcrumb\":{\"@id\":\"https:\/\/nowa.avalonenglish.com\/index.php\/oferta-biura-tlumaczen\/#breadcrumb\"},\"inLanguage\":\"pl-PL\",\"potentialAction\":[{\"@type\":\"ReadAction\",\"target\":[\"https:\/\/nowa.avalonenglish.com\/index.php\/oferta-biura-tlumaczen\/\"]}]},{\"@type\":\"BreadcrumbList\",\"@id\":\"https:\/\/nowa.avalonenglish.com\/index.php\/oferta-biura-tlumaczen\/#breadcrumb\",\"itemListElement\":[{\"@type\":\"ListItem\",\"position\":1,\"name\":\"Home\",\"item\":\"http:\/\/nowa.avalonenglish.com\/\"},{\"@type\":\"ListItem\",\"position\":2,\"name\":\"Oferta biura t\u0142umacze\u0144\"}]},{\"@type\":\"WebSite\",\"@id\":\"http:\/\/nowa.avalonenglish.com\/#website\",\"url\":\"http:\/\/nowa.avalonenglish.com\/\",\"name\":\"AVALON ENGLISH SCHOOL\",\"description\":\"Szko\u0142a j\u0119zyk\u00f3w obcych\",\"potentialAction\":[{\"@type\":\"SearchAction\",\"target\":{\"@type\":\"EntryPoint\",\"urlTemplate\":\"http:\/\/nowa.avalonenglish.com\/?s={search_term_string}\"},\"query-input\":\"required name=search_term_string\"}],\"inLanguage\":\"pl-PL\"}]}<\/script>\n<!-- \/ Yoast SEO plugin. -->","yoast_head_json":{"title":"Oferta biura t\u0142umacze\u0144 - AVALON ENGLISH SCHOOL","robots":{"index":"index","follow":"follow","max-snippet":"max-snippet:-1","max-image-preview":"max-image-preview:large","max-video-preview":"max-video-preview:-1"},"canonical":"https:\/\/nowa.avalonenglish.com\/index.php\/oferta-biura-tlumaczen\/","og_locale":"pl_PL","og_type":"article","og_title":"Oferta biura t\u0142umacze\u0144 - AVALON ENGLISH SCHOOL","og_description":"\u015awiadczymy us\u0142ugi t\u0142umaczeniowe w zakresie j\u0119zyk\u00f3w: angielskiego, niemieckiego, francuskiego, hiszpa\u0144skiego, w\u0142oskiego, rosyjskiego, szwedzkiego, flamandzkiego, niderlandzkiego oraz innych na \u017cyczenie Klienta....","og_url":"https:\/\/nowa.avalonenglish.com\/index.php\/oferta-biura-tlumaczen\/","og_site_name":"AVALON ENGLISH SCHOOL","article_modified_time":"2022-09-08T12:41:17+00:00","twitter_card":"summary_large_image","twitter_misc":{"Szacowany czas czytania":"1 minuta"},"schema":{"@context":"https:\/\/schema.org","@graph":[{"@type":"WebPage","@id":"https:\/\/nowa.avalonenglish.com\/index.php\/oferta-biura-tlumaczen\/","url":"https:\/\/nowa.avalonenglish.com\/index.php\/oferta-biura-tlumaczen\/","name":"Oferta biura t\u0142umacze\u0144 - AVALON ENGLISH SCHOOL","isPartOf":{"@id":"http:\/\/nowa.avalonenglish.com\/#website"},"datePublished":"2022-09-08T12:41:15+00:00","dateModified":"2022-09-08T12:41:17+00:00","breadcrumb":{"@id":"https:\/\/nowa.avalonenglish.com\/index.php\/oferta-biura-tlumaczen\/#breadcrumb"},"inLanguage":"pl-PL","potentialAction":[{"@type":"ReadAction","target":["https:\/\/nowa.avalonenglish.com\/index.php\/oferta-biura-tlumaczen\/"]}]},{"@type":"BreadcrumbList","@id":"https:\/\/nowa.avalonenglish.com\/index.php\/oferta-biura-tlumaczen\/#breadcrumb","itemListElement":[{"@type":"ListItem","position":1,"name":"Home","item":"http:\/\/nowa.avalonenglish.com\/"},{"@type":"ListItem","position":2,"name":"Oferta biura t\u0142umacze\u0144"}]},{"@type":"WebSite","@id":"http:\/\/nowa.avalonenglish.com\/#website","url":"http:\/\/nowa.avalonenglish.com\/","name":"AVALON ENGLISH SCHOOL","description":"Szko\u0142a j\u0119zyk\u00f3w obcych","potentialAction":[{"@type":"SearchAction","target":{"@type":"EntryPoint","urlTemplate":"http:\/\/nowa.avalonenglish.com\/?s={search_term_string}"},"query-input":"required name=search_term_string"}],"inLanguage":"pl-PL"}]}},"_links":{"self":[{"href":"https:\/\/nowa.avalonenglish.com\/index.php\/wp-json\/wp\/v2\/pages\/6526","targetHints":{"allow":["GET"]}}],"collection":[{"href":"https:\/\/nowa.avalonenglish.com\/index.php\/wp-json\/wp\/v2\/pages"}],"about":[{"href":"https:\/\/nowa.avalonenglish.com\/index.php\/wp-json\/wp\/v2\/types\/page"}],"author":[{"embeddable":true,"href":"https:\/\/nowa.avalonenglish.com\/index.php\/wp-json\/wp\/v2\/users\/1"}],"replies":[{"embeddable":true,"href":"https:\/\/nowa.avalonenglish.com\/index.php\/wp-json\/wp\/v2\/comments?post=6526"}],"version-history":[{"count":1,"href":"https:\/\/nowa.avalonenglish.com\/index.php\/wp-json\/wp\/v2\/pages\/6526\/revisions"}],"predecessor-version":[{"id":6527,"href":"https:\/\/nowa.avalonenglish.com\/index.php\/wp-json\/wp\/v2\/pages\/6526\/revisions\/6527"}],"wp:attachment":[{"href":"https:\/\/nowa.avalonenglish.com\/index.php\/wp-json\/wp\/v2\/media?parent=6526"}],"curies":[{"name":"wp","href":"https:\/\/api.w.org\/{rel}","templated":true}]}}