{"id":6546,"date":"2022-10-11T19:06:16","date_gmt":"2022-10-11T17:06:16","guid":{"rendered":"http:\/\/nowa.avalonenglish.com\/?page_id=6546"},"modified":"2022-10-11T19:15:31","modified_gmt":"2022-10-11T17:15:31","slug":"kursy","status":"publish","type":"page","link":"https:\/\/nowa.avalonenglish.com\/index.php\/kursy\/","title":{"rendered":"Kursy"},"content":{"rendered":"<style type=\"text\/css\"><\/style>\n<p><strong>Angielski metod\u0105\u00a0<a href=\"http:\/\/nowa.avalonenglish.com\/index.php\/direct-method-for-english\/\">DIRECT METHOD FOR ENGLISH<\/a><\/strong><\/p>\n\n\n\n<ol class=\"wp-block-list\"><li>kursy metod\u0105 tradycyjn\u0105 na r\u00f3\u017cnych poziomach zaawansowania<\/li><li>kursy\u00a0<a href=\"http:\/\/nowa.avalonenglish.com\/index.php\/kursy-przygotowujace-do-wyjazdu-za-granice\/\">przygotowuj\u0105ce do wyjazdu za granic\u0119<\/a><\/li><li>kursy\u00a0<a href=\"https:\/\/avalonenglish.com\/index.php?str=kursy_w&amp;a=2\">weekendowe<\/a><\/li><li>kursy\u00a0<a href=\"http:\/\/nowa.avalonenglish.com\/index.php\/kursy-przygotowujace-do-egzaminu-cambridge\/\">przygotowuj\u0105ce do Egzaminu CAMBRIDGE<\/a><\/li><li>kursy\u00a0<a href=\"https:\/\/avalonenglish.com\/index.php?str=kursy_pdet&amp;a=2\">przygotowuj\u0105ce do Egzaminu TOEIC<\/a><\/li><li>kursy\u00a0<a href=\"https:\/\/avalonenglish.com\/index.php?str=kursy_be&amp;a=2\">Business English<\/a><\/li><li>kursy\u00a0<a href=\"https:\/\/avalonenglish.com\/index.php?str=kursy_s&amp;a=2\">specjalistyczne<\/a><\/li><li>kursy indywidualne<\/li><li>kursy\u00a0<a href=\"https:\/\/avalonenglish.com\/index.php?str=kursy_pdrk&amp;a=2\">przygotowuj\u0105ce do rozmowy kwalifikacyjnej<\/a><\/li><li>konwersacje<\/li><li>kursy dla dzieci<\/li><\/ol>\n\n\n\n<p><strong>Niemiecki metod\u0105&nbsp;<a href=\"https:\/\/avalonenglish.com\/index.php?str=kursy_niemiecki&amp;a=2\">DIREKTES DEUTSCH<\/a><\/strong><\/p>\n\n\n\n<ol class=\"wp-block-list\"><li>kursy metod\u0105 tradycyjn\u0105 na r\u00f3\u017cnych poziomach zaawansowania<\/li><li>kursy&nbsp;<a href=\"https:\/\/avalonenglish.com\/index.php?str=kursy_pdwzg&amp;a=2\">przygotowuj\u0105ce do wyjazdu za granic\u0119<\/a><\/li><li>kursy&nbsp;<a href=\"https:\/\/avalonenglish.com\/index.php?str=kursy_w&amp;a=2\">weekendowe<\/a><\/li><li>kursy indywidualne<\/li><li>kursy&nbsp;<a href=\"https:\/\/avalonenglish.com\/index.php?str=kursy_pdrk&amp;a=2\">przygotowuj\u0105ce do rozmowy kwalifikacyjnej<\/a><\/li><li>konwersacje<\/li><li>kursy dla dzieci<\/li><li>kursy dla maturzyst\u00f3w<\/li><li>kursy dla gimnazjalist\u00f3w<\/li><\/ol>\n\n\n\n<p><strong>Kursy z j\u0119zyka polskiego<\/strong><\/p>\n\n\n\n<ol class=\"wp-block-list\"><li>kursy dla&nbsp;<a href=\"https:\/\/avalonenglish.com\/index.php?str=kursy_m&amp;a=2\">maturzyst\u00f3w<\/a><\/li><li>kursy dla&nbsp;<a href=\"https:\/\/avalonenglish.com\/index.php?str=kursy_g&amp;a=2\">gimnazjalist\u00f3w<\/a><\/li><\/ol>\n\n\n\n<p><strong>Kursy z j\u0119zyka angielskiego<\/strong><\/p>\n\n\n\n<ol class=\"wp-block-list\"><li>kursy&nbsp;<a href=\"https:\/\/avalonenglish.com\/index.php?str=kursy_pdm&amp;a=2\">przygotowuj\u0105ce do matury<\/a><\/li><\/ol>\n","protected":false},"excerpt":{"rendered":"<p>Angielski metod\u0105\u00a0DIRECT METHOD FOR ENGLISH kursy metod\u0105 tradycyjn\u0105 na r\u00f3\u017cnych poziomach zaawansowania kursy\u00a0przygotowuj\u0105ce do wyjazdu za granic\u0119 kursy\u00a0weekendowe kursy\u00a0przygotowuj\u0105ce do&#8230;<\/p>\n","protected":false},"author":1,"featured_media":0,"parent":0,"menu_order":0,"comment_status":"closed","ping_status":"closed","template":"","meta":{"footnotes":""},"class_list":["post-6546","page","type-page","status-publish","hentry"],"yoast_head":"<!-- This site is optimized with the Yoast SEO plugin v19.10 - https:\/\/yoast.com\/wordpress\/plugins\/seo\/ -->\n<title>Kursy - AVALON ENGLISH SCHOOL<\/title>\n<meta name=\"robots\" content=\"index, follow, max-snippet:-1, max-image-preview:large, max-video-preview:-1\" \/>\n<link rel=\"canonical\" href=\"https:\/\/nowa.avalonenglish.com\/index.php\/kursy\/\" \/>\n<meta property=\"og:locale\" content=\"pl_PL\" \/>\n<meta property=\"og:type\" content=\"article\" \/>\n<meta property=\"og:title\" content=\"Kursy - AVALON ENGLISH SCHOOL\" \/>\n<meta property=\"og:description\" content=\"Angielski metod\u0105\u00a0DIRECT METHOD FOR ENGLISH kursy metod\u0105 tradycyjn\u0105 na r\u00f3\u017cnych poziomach zaawansowania kursy\u00a0przygotowuj\u0105ce do wyjazdu za granic\u0119 kursy\u00a0weekendowe kursy\u00a0przygotowuj\u0105ce do...\" \/>\n<meta property=\"og:url\" content=\"https:\/\/nowa.avalonenglish.com\/index.php\/kursy\/\" \/>\n<meta property=\"og:site_name\" content=\"AVALON ENGLISH SCHOOL\" \/>\n<meta property=\"article:modified_time\" content=\"2022-10-11T17:15:31+00:00\" \/>\n<meta name=\"twitter:card\" content=\"summary_large_image\" \/>\n<meta name=\"twitter:label1\" content=\"Szacowany czas czytania\" \/>\n\t<meta name=\"twitter:data1\" content=\"1 minuta\" \/>\n<script type=\"application\/ld+json\" class=\"yoast-schema-graph\">{\"@context\":\"https:\/\/schema.org\",\"@graph\":[{\"@type\":\"WebPage\",\"@id\":\"https:\/\/nowa.avalonenglish.com\/index.php\/kursy\/\",\"url\":\"https:\/\/nowa.avalonenglish.com\/index.php\/kursy\/\",\"name\":\"Kursy - AVALON ENGLISH SCHOOL\",\"isPartOf\":{\"@id\":\"http:\/\/nowa.avalonenglish.com\/#website\"},\"datePublished\":\"2022-10-11T17:06:16+00:00\",\"dateModified\":\"2022-10-11T17:15:31+00:00\",\"breadcrumb\":{\"@id\":\"https:\/\/nowa.avalonenglish.com\/index.php\/kursy\/#breadcrumb\"},\"inLanguage\":\"pl-PL\",\"potentialAction\":[{\"@type\":\"ReadAction\",\"target\":[\"https:\/\/nowa.avalonenglish.com\/index.php\/kursy\/\"]}]},{\"@type\":\"BreadcrumbList\",\"@id\":\"https:\/\/nowa.avalonenglish.com\/index.php\/kursy\/#breadcrumb\",\"itemListElement\":[{\"@type\":\"ListItem\",\"position\":1,\"name\":\"Home\",\"item\":\"http:\/\/nowa.avalonenglish.com\/\"},{\"@type\":\"ListItem\",\"position\":2,\"name\":\"Kursy\"}]},{\"@type\":\"WebSite\",\"@id\":\"http:\/\/nowa.avalonenglish.com\/#website\",\"url\":\"http:\/\/nowa.avalonenglish.com\/\",\"name\":\"AVALON ENGLISH SCHOOL\",\"description\":\"Szko\u0142a j\u0119zyk\u00f3w obcych\",\"potentialAction\":[{\"@type\":\"SearchAction\",\"target\":{\"@type\":\"EntryPoint\",\"urlTemplate\":\"http:\/\/nowa.avalonenglish.com\/?s={search_term_string}\"},\"query-input\":\"required name=search_term_string\"}],\"inLanguage\":\"pl-PL\"}]}<\/script>\n<!-- \/ Yoast SEO plugin. -->","yoast_head_json":{"title":"Kursy - AVALON ENGLISH SCHOOL","robots":{"index":"index","follow":"follow","max-snippet":"max-snippet:-1","max-image-preview":"max-image-preview:large","max-video-preview":"max-video-preview:-1"},"canonical":"https:\/\/nowa.avalonenglish.com\/index.php\/kursy\/","og_locale":"pl_PL","og_type":"article","og_title":"Kursy - AVALON ENGLISH SCHOOL","og_description":"Angielski metod\u0105\u00a0DIRECT METHOD FOR ENGLISH kursy metod\u0105 tradycyjn\u0105 na r\u00f3\u017cnych poziomach zaawansowania kursy\u00a0przygotowuj\u0105ce do wyjazdu za granic\u0119 kursy\u00a0weekendowe kursy\u00a0przygotowuj\u0105ce do...","og_url":"https:\/\/nowa.avalonenglish.com\/index.php\/kursy\/","og_site_name":"AVALON ENGLISH SCHOOL","article_modified_time":"2022-10-11T17:15:31+00:00","twitter_card":"summary_large_image","twitter_misc":{"Szacowany czas czytania":"1 minuta"},"schema":{"@context":"https:\/\/schema.org","@graph":[{"@type":"WebPage","@id":"https:\/\/nowa.avalonenglish.com\/index.php\/kursy\/","url":"https:\/\/nowa.avalonenglish.com\/index.php\/kursy\/","name":"Kursy - AVALON ENGLISH SCHOOL","isPartOf":{"@id":"http:\/\/nowa.avalonenglish.com\/#website"},"datePublished":"2022-10-11T17:06:16+00:00","dateModified":"2022-10-11T17:15:31+00:00","breadcrumb":{"@id":"https:\/\/nowa.avalonenglish.com\/index.php\/kursy\/#breadcrumb"},"inLanguage":"pl-PL","potentialAction":[{"@type":"ReadAction","target":["https:\/\/nowa.avalonenglish.com\/index.php\/kursy\/"]}]},{"@type":"BreadcrumbList","@id":"https:\/\/nowa.avalonenglish.com\/index.php\/kursy\/#breadcrumb","itemListElement":[{"@type":"ListItem","position":1,"name":"Home","item":"http:\/\/nowa.avalonenglish.com\/"},{"@type":"ListItem","position":2,"name":"Kursy"}]},{"@type":"WebSite","@id":"http:\/\/nowa.avalonenglish.com\/#website","url":"http:\/\/nowa.avalonenglish.com\/","name":"AVALON ENGLISH SCHOOL","description":"Szko\u0142a j\u0119zyk\u00f3w obcych","potentialAction":[{"@type":"SearchAction","target":{"@type":"EntryPoint","urlTemplate":"http:\/\/nowa.avalonenglish.com\/?s={search_term_string}"},"query-input":"required name=search_term_string"}],"inLanguage":"pl-PL"}]}},"_links":{"self":[{"href":"https:\/\/nowa.avalonenglish.com\/index.php\/wp-json\/wp\/v2\/pages\/6546","targetHints":{"allow":["GET"]}}],"collection":[{"href":"https:\/\/nowa.avalonenglish.com\/index.php\/wp-json\/wp\/v2\/pages"}],"about":[{"href":"https:\/\/nowa.avalonenglish.com\/index.php\/wp-json\/wp\/v2\/types\/page"}],"author":[{"embeddable":true,"href":"https:\/\/nowa.avalonenglish.com\/index.php\/wp-json\/wp\/v2\/users\/1"}],"replies":[{"embeddable":true,"href":"https:\/\/nowa.avalonenglish.com\/index.php\/wp-json\/wp\/v2\/comments?post=6546"}],"version-history":[{"count":5,"href":"https:\/\/nowa.avalonenglish.com\/index.php\/wp-json\/wp\/v2\/pages\/6546\/revisions"}],"predecessor-version":[{"id":6561,"href":"https:\/\/nowa.avalonenglish.com\/index.php\/wp-json\/wp\/v2\/pages\/6546\/revisions\/6561"}],"wp:attachment":[{"href":"https:\/\/nowa.avalonenglish.com\/index.php\/wp-json\/wp\/v2\/media?parent=6546"}],"curies":[{"name":"wp","href":"https:\/\/api.w.org\/{rel}","templated":true}]}}